{"id":4683,"date":"2024-01-16T00:05:11","date_gmt":"2024-01-16T06:05:11","guid":{"rendered":"https:\/\/communicationacademycr.com\/?post_type=product&#038;p=4683"},"modified":"2024-01-16T00:25:07","modified_gmt":"2024-01-16T06:25:07","slug":"ingles-conversacional-call-center","status":"publish","type":"product","link":"https:\/\/communicationacademycr.com\/en\/curso\/ingles-conversacional-call-center\/","title":{"rendered":"Ingl\u00e9s Conversacional Con \u00e9nfasis en Call Center, Modalidad Presencial Y Virtual"},"content":{"rendered":"<p><strong>Formulario de pago en l\u00ednea de este curso:<br \/>\n<div class=\"wpforms-container wpforms-container-full wpforms-render-modern\" id=\"wpforms-4698\"><form id=\"wpforms-form-4698\" class=\"wpforms-validate wpforms-form wpforms-ajax-form\" data-formid=\"4698\" method=\"post\" enctype=\"multipart\/form-data\" action=\"\/en\/wp-json\/wp\/v2\/product\/4683\" data-token=\"280d1232e9a765f7ac76f34951e565d4\" data-trp-original-action=\"\/en\/wp-json\/wp\/v2\/product\/4683\"><noscript class=\"wpforms-error-noscript\">Please enable JavaScript in your browser to complete this form.<\/noscript><div class=\"wpforms-hidden\" id=\"wpforms-error-noscript\">Please enable JavaScript in your browser to complete this form.<\/div><div class=\"wpforms-field-container\"><div id=\"wpforms-4698-field_3-container\" class=\"wpforms-field wpforms-field-name\" data-field-id=\"3\"><fieldset><legend class=\"wpforms-field-label\">Nombre <span class=\"wpforms-required-label\" aria-hidden=\"true\">*<\/span><\/legend><div class=\"wpforms-field-row wpforms-field-medium\"><div class=\"wpforms-field-row-block wpforms-first wpforms-one-half\"><input type=\"text\" id=\"wpforms-4698-field_3\" class=\"wpforms-field-name-first wpforms-field-required\" name=\"wpforms[fields][3][first]\" aria-errormessage=\"wpforms-4698-field_3-error\" required><label for=\"wpforms-4698-field_3\" class=\"wpforms-field-sublabel after\">First<\/label><\/div><div class=\"wpforms-field-row-block wpforms-one-half\"><input type=\"text\" id=\"wpforms-4698-field_3-last\" class=\"wpforms-field-name-last wpforms-field-required\" name=\"wpforms[fields][3][last]\" aria-errormessage=\"wpforms-4698-field_3-last-error\" required><label for=\"wpforms-4698-field_3-last\" class=\"wpforms-field-sublabel after\">Last<\/label><\/div><\/div><\/fieldset><\/div><div id=\"wpforms-4698-field_2-container\" class=\"wpforms-field wpforms-field-email\" data-field-id=\"2\"><label class=\"wpforms-field-label\" for=\"wpforms-4698-field_2\">Correo electr\u00f3nico <span class=\"wpforms-required-label\" aria-hidden=\"true\">*<\/span><\/label><input type=\"email\" id=\"wpforms-4698-field_2\" class=\"wpforms-field-medium wpforms-field-required\" name=\"wpforms[fields][2]\" spellcheck=\"false\" aria-errormessage=\"wpforms-4698-field_2-error\" required><\/div><div id=\"wpforms-4698-field_4-container\" class=\"wpforms-field wpforms-field-phone\" data-field-id=\"4\"><label class=\"wpforms-field-label\" for=\"wpforms-4698-field_4\">Tel\u00e9fono <span class=\"wpforms-required-label\" aria-hidden=\"true\">*<\/span><\/label><input type=\"tel\" id=\"wpforms-4698-field_4\" class=\"wpforms-field-medium wpforms-field-required wpforms-smart-phone-field\" data-rule-smart-phone-field=\"true\" name=\"wpforms[fields][4]\" aria-errormessage=\"wpforms-4698-field_4-error\" required><\/div><div id=\"wpforms-4698-field_5-container\" class=\"wpforms-field wpforms-field-phone\" data-field-id=\"5\"><label class=\"wpforms-field-label\" for=\"wpforms-4698-field_5\">N\u00famero de WhatsApp<\/label><input type=\"tel\" id=\"wpforms-4698-field_5\" class=\"wpforms-field-medium wpforms-smart-phone-field\" data-rule-smart-phone-field=\"true\" name=\"wpforms[fields][5]\" aria-errormessage=\"wpforms-4698-field_5-error\" ><\/div><div id=\"wpforms-4698-field_6-container\" class=\"wpforms-field wpforms-field-payment-single\" data-field-id=\"6\"><label class=\"wpforms-field-label\" for=\"wpforms-4698-field_6\">Paga este curso con tarjeta de d\u00e9bito o cr\u00e9dito con PayPal: <span class=\"wpforms-required-label\" aria-hidden=\"true\">*<\/span><\/label><div class=\"wpforms-single-item-price\">Price: <span class=\"wpforms-price\">&#036; 50.00<\/span><\/div><input type=\"hidden\" id=\"wpforms-4698-field_6\" class=\"wpforms-field-medium wpforms-field-required wpforms-payment-price\" data-rule-required-positive-number=\"1\" name=\"wpforms[fields][6]\" value=\"&#036; 50.00\" aria-errormessage=\"wpforms-4698-field_6-error\" aria-describedby=\"wpforms-4698-field_6-description\"><div id=\"wpforms-4698-field_6-description\" class=\"wpforms-field-description\">(Costo en d\u00f3lares americanos por mes de este curso)<\/div><\/div><\/div><!-- .wpforms-field-container --><div class=\"wpforms-submit-container\" ><input type=\"hidden\" name=\"wpforms[id]\" value=\"4698\"><input type=\"hidden\" name=\"wpforms[author]\" value=\"1\"><button type=\"submit\" name=\"wpforms[submit]\" id=\"wpforms-submit-4698\" class=\"wpforms-submit\" data-alt-text=\"Enviando...\" data-submit-text=\"Enviar\" aria-live=\"assertive\" value=\"wpforms-submit\">Enviar<\/button><img src=\"https:\/\/communicationacademycr.com\/wp-content\/plugins\/wpforms\/assets\/images\/submit-spin.svg\" class=\"wpforms-submit-spinner\" style=\"display: none;\" width=\"26\" height=\"26\" alt=\"Loading\"><\/div><input type=\"hidden\" name=\"trp-form-language\" value=\"en\"\/><\/form><\/div>  <!-- .wpforms-container -->\n<\/strong><\/p>\n<p>&nbsp;<\/p>","protected":false},"excerpt":{"rendered":"<ul>\n<li>Ofrecemos modalidad virtual y presencial en nuestras diferentes sedes en todo el pa\u00eds.<\/li>\n<li>Doble certificaci\u00f3n al finalizar cada nivel, seg\u00fan los est\u00e1ndares del Marco Com\u00fan Europeo para lenguas.<\/li>\n<li>Metodolog\u00eda 100% conversacional.<\/li>\n<li>Al finalizar el nivel avanzado, se certifica como T\u00e9cnico en ingl\u00e9s para Call Center.<\/li>\n<li>Programa dirigido a j\u00f3venes y adultos.<\/li>\n<li>Niveles desde b\u00e1sicos hasta avanzados.<\/li>\n<li>Bolsa de empleo con los principales call centers y empresas que requieren personal biling\u00fce en el pa\u00eds.<\/li>\n<li>Programas de ingl\u00e9s especializados y actualizados seg\u00fan las demandas actuales del mercado laboral.<\/li>\n<\/ul>","protected":false},"featured_media":4697,"comment_status":"open","ping_status":"closed","template":"","meta":{"_mi_skip_tracking":false,"_monsterinsights_sitenote_active":false,"_monsterinsights_sitenote_note":"","_monsterinsights_sitenote_category":0},"product_cat":[86],"product_tag":[121,120,130,122],"acf":[],"aioseo_notices":[],"blog_post_layout_featured_media_urls":{"thumbnail":["https:\/\/communicationacademycr.com\/wp-content\/uploads\/2024\/01\/gettyimages-1373089965-612x612-1-150x150.jpg",150,150,true],"full":["https:\/\/communicationacademycr.com\/wp-content\/uploads\/2024\/01\/gettyimages-1373089965-612x612-1.jpg",612,408,false]},"categories":["2"],"categories_names":{"2":{"name":"simple","link":"https:\/\/communicationacademycr.com\/en\/?taxonomy=product_type&term=simple"}},"comments_number":0,"_links":{"self":[{"href":"https:\/\/communicationacademycr.com\/en\/wp-json\/wp\/v2\/product\/4683"}],"collection":[{"href":"https:\/\/communicationacademycr.com\/en\/wp-json\/wp\/v2\/product"}],"about":[{"href":"https:\/\/communicationacademycr.com\/en\/wp-json\/wp\/v2\/types\/product"}],"replies":[{"embeddable":true,"href":"https:\/\/communicationacademycr.com\/en\/wp-json\/wp\/v2\/comments?post=4683"}],"wp:featuredmedia":[{"embeddable":true,"href":"https:\/\/communicationacademycr.com\/en\/wp-json\/wp\/v2\/media\/4697"}],"wp:attachment":[{"href":"https:\/\/communicationacademycr.com\/en\/wp-json\/wp\/v2\/media?parent=4683"}],"wp:term":[{"taxonomy":"product_cat","embeddable":true,"href":"https:\/\/communicationacademycr.com\/en\/wp-json\/wp\/v2\/product_cat?post=4683"},{"taxonomy":"product_tag","embeddable":true,"href":"https:\/\/communicationacademycr.com\/en\/wp-json\/wp\/v2\/product_tag?post=4683"}],"curies":[{"name":"wp","href":"https:\/\/api.w.org\/{rel}","templated":true}]}}