{"id":4620,"date":"2024-01-07T19:18:08","date_gmt":"2024-01-08T01:18:08","guid":{"rendered":"https:\/\/communicationacademycr.com\/?post_type=product&#038;p=4620"},"modified":"2024-01-16T00:04:05","modified_gmt":"2024-01-16T06:04:05","slug":"examen-de-ubicacion","status":"publish","type":"product","link":"https:\/\/communicationacademycr.com\/en\/curso\/examen-de-ubicacion\/","title":{"rendered":"Examen De Ubicaci\u00f3n"},"content":{"rendered":"<p><strong>Formulario de pago en l\u00ednea de examen de ubicaci\u00f3n:<br \/>\n<div class=\"wpforms-container wpforms-container-full wpforms-render-modern\" id=\"wpforms-4622\"><form id=\"wpforms-form-4622\" class=\"wpforms-validate wpforms-form wpforms-ajax-form\" data-formid=\"4622\" method=\"post\" enctype=\"multipart\/form-data\" action=\"\/en\/wp-json\/wp\/v2\/product\/4620\" data-token=\"097525f207daabc035b0a06dff7df2b5\" data-trp-original-action=\"\/en\/wp-json\/wp\/v2\/product\/4620\"><noscript class=\"wpforms-error-noscript\">Please enable JavaScript in your browser to complete this form.<\/noscript><div class=\"wpforms-hidden\" id=\"wpforms-error-noscript\">Please enable JavaScript in your browser to complete this form.<\/div><div class=\"wpforms-field-container\"><div id=\"wpforms-4622-field_3-container\" class=\"wpforms-field wpforms-field-name\" data-field-id=\"3\"><fieldset><legend class=\"wpforms-field-label\">Nombre <span class=\"wpforms-required-label\" aria-hidden=\"true\">*<\/span><\/legend><div class=\"wpforms-field-row wpforms-field-medium\"><div class=\"wpforms-field-row-block wpforms-first wpforms-one-half\"><input type=\"text\" id=\"wpforms-4622-field_3\" class=\"wpforms-field-name-first wpforms-field-required\" name=\"wpforms[fields][3][first]\" aria-errormessage=\"wpforms-4622-field_3-error\" required><label for=\"wpforms-4622-field_3\" class=\"wpforms-field-sublabel after\">First<\/label><\/div><div class=\"wpforms-field-row-block wpforms-one-half\"><input type=\"text\" id=\"wpforms-4622-field_3-last\" class=\"wpforms-field-name-last wpforms-field-required\" name=\"wpforms[fields][3][last]\" aria-errormessage=\"wpforms-4622-field_3-last-error\" required><label for=\"wpforms-4622-field_3-last\" class=\"wpforms-field-sublabel after\">Last<\/label><\/div><\/div><\/fieldset><\/div><div id=\"wpforms-4622-field_2-container\" class=\"wpforms-field wpforms-field-email\" data-field-id=\"2\"><label class=\"wpforms-field-label\" for=\"wpforms-4622-field_2\">Correo electr\u00f3nico <span class=\"wpforms-required-label\" aria-hidden=\"true\">*<\/span><\/label><input type=\"email\" id=\"wpforms-4622-field_2\" class=\"wpforms-field-medium wpforms-field-required\" name=\"wpforms[fields][2]\" spellcheck=\"false\" aria-errormessage=\"wpforms-4622-field_2-error\" required><\/div><div id=\"wpforms-4622-field_4-container\" class=\"wpforms-field wpforms-field-phone\" data-field-id=\"4\"><label class=\"wpforms-field-label\" for=\"wpforms-4622-field_4\">Tel\u00e9fono <span class=\"wpforms-required-label\" aria-hidden=\"true\">*<\/span><\/label><input type=\"tel\" id=\"wpforms-4622-field_4\" class=\"wpforms-field-medium wpforms-field-required wpforms-smart-phone-field\" data-rule-smart-phone-field=\"true\" name=\"wpforms[fields][4]\" aria-errormessage=\"wpforms-4622-field_4-error\" required><\/div><div id=\"wpforms-4622-field_5-container\" class=\"wpforms-field wpforms-field-phone\" data-field-id=\"5\"><label class=\"wpforms-field-label\" for=\"wpforms-4622-field_5\">N\u00famero de WhatsApp<\/label><input type=\"tel\" id=\"wpforms-4622-field_5\" class=\"wpforms-field-medium wpforms-smart-phone-field\" data-rule-smart-phone-field=\"true\" name=\"wpforms[fields][5]\" aria-errormessage=\"wpforms-4622-field_5-error\" ><\/div><div id=\"wpforms-4622-field_6-container\" class=\"wpforms-field wpforms-field-payment-single\" data-field-id=\"6\"><label class=\"wpforms-field-label\" for=\"wpforms-4622-field_6\">Paga este examen con tarjeta de d\u00e9bito o cr\u00e9dito con PayPal: <span class=\"wpforms-required-label\" aria-hidden=\"true\">*<\/span><\/label><div class=\"wpforms-single-item-price\">Price: <span class=\"wpforms-price\">&#036; 30.00<\/span><\/div><input type=\"hidden\" id=\"wpforms-4622-field_6\" class=\"wpforms-field-medium wpforms-field-required wpforms-payment-price\" data-rule-required-positive-number=\"1\" name=\"wpforms[fields][6]\" value=\"&#036; 30.00\" aria-errormessage=\"wpforms-4622-field_6-error\" aria-describedby=\"wpforms-4622-field_6-description\"><div id=\"wpforms-4622-field_6-description\" class=\"wpforms-field-description\">(Costo en d\u00f3lares americanos)<\/div><\/div><\/div><!-- .wpforms-field-container --><div class=\"wpforms-submit-container\" ><input type=\"hidden\" name=\"wpforms[id]\" value=\"4622\"><input type=\"hidden\" name=\"wpforms[author]\" value=\"1\"><button type=\"submit\" name=\"wpforms[submit]\" id=\"wpforms-submit-4622\" class=\"wpforms-submit\" data-alt-text=\"Enviando...\" data-submit-text=\"Enviar\" aria-live=\"assertive\" value=\"wpforms-submit\">Enviar<\/button><img src=\"https:\/\/communicationacademycr.com\/wp-content\/plugins\/wpforms\/assets\/images\/submit-spin.svg\" class=\"wpforms-submit-spinner\" style=\"display: none;\" width=\"26\" height=\"26\" alt=\"Loading\"><\/div><input type=\"hidden\" name=\"trp-form-language\" value=\"en\"\/><\/form><\/div>  <!-- .wpforms-container -->\n<\/strong><\/p>","protected":false},"excerpt":{"rendered":"<p>El examen de ubicaci\u00f3n\u00a0 es una herramienta fundamental en el \u00e1mbito educativo que cumple un papel crucial en el desarrollo acad\u00e9mico y profesional de los estudiantes. Su objetivo es medir los conocimientos del idioma ingl\u00e9s para ubicar al estudiante en el nivel adecuado ya sea b\u00e1sico, intermedio o avanzado.<\/p>\n<p>El examen consta de una parte escrita donde se eval\u00faan las principales estructuras gramaticales del idioma, y una segunda parte oral que consiste en una entrevista en ingl\u00e9s para evaluar la parte conversacional.<\/p>\n<p>S\u00ed el estudiante posee un nivel intermedio avanzado y no desea llevar el curso, solamente certificarse con alguno de nuestros \u00e9nfasis, puede hacerlo realizando una tercera prueba en ingl\u00e9s ya sea en el \u00e1rea de Hoteler\u00eda y Turismo o Call Center seg\u00fan sea su inter\u00e9s de certificaci\u00f3n, as\u00ed como cancelar el monto de los certificados.<\/p>","protected":false},"featured_media":4681,"comment_status":"open","ping_status":"closed","template":"","meta":{"_mi_skip_tracking":false,"_monsterinsights_sitenote_active":false,"_monsterinsights_sitenote_note":"","_monsterinsights_sitenote_category":0},"product_cat":[125],"product_tag":[129],"acf":[],"aioseo_notices":[],"blog_post_layout_featured_media_urls":{"thumbnail":["https:\/\/communicationacademycr.com\/wp-content\/uploads\/2024\/01\/Imagen-de-WhatsApp-2024-01-10-a-las-17.54.32_f5a02bd2-150x150.jpg",150,150,true],"full":["https:\/\/communicationacademycr.com\/wp-content\/uploads\/2024\/01\/Imagen-de-WhatsApp-2024-01-10-a-las-17.54.32_f5a02bd2.jpg",1000,667,false]},"categories":["2"],"categories_names":{"2":{"name":"simple","link":"https:\/\/communicationacademycr.com\/en\/?taxonomy=product_type&term=simple"}},"comments_number":0,"_links":{"self":[{"href":"https:\/\/communicationacademycr.com\/en\/wp-json\/wp\/v2\/product\/4620"}],"collection":[{"href":"https:\/\/communicationacademycr.com\/en\/wp-json\/wp\/v2\/product"}],"about":[{"href":"https:\/\/communicationacademycr.com\/en\/wp-json\/wp\/v2\/types\/product"}],"replies":[{"embeddable":true,"href":"https:\/\/communicationacademycr.com\/en\/wp-json\/wp\/v2\/comments?post=4620"}],"wp:featuredmedia":[{"embeddable":true,"href":"https:\/\/communicationacademycr.com\/en\/wp-json\/wp\/v2\/media\/4681"}],"wp:attachment":[{"href":"https:\/\/communicationacademycr.com\/en\/wp-json\/wp\/v2\/media?parent=4620"}],"wp:term":[{"taxonomy":"product_cat","embeddable":true,"href":"https:\/\/communicationacademycr.com\/en\/wp-json\/wp\/v2\/product_cat?post=4620"},{"taxonomy":"product_tag","embeddable":true,"href":"https:\/\/communicationacademycr.com\/en\/wp-json\/wp\/v2\/product_tag?post=4620"}],"curies":[{"name":"wp","href":"https:\/\/api.w.org\/{rel}","templated":true}]}}