{"id":3986,"date":"2023-12-28T04:16:54","date_gmt":"2023-12-28T10:16:54","guid":{"rendered":"https:\/\/communicationacademycr.com\/?post_type=product&#038;p=3986"},"modified":"2024-01-06T00:59:55","modified_gmt":"2024-01-06T06:59:55","slug":"ingles-para-empresas","status":"publish","type":"product","link":"https:\/\/communicationacademycr.com\/en\/curso\/ingles-para-empresas\/","title":{"rendered":"Ingl\u00e9s Para Empresas"},"content":{"rendered":"<h5><strong>Formulario de pago en l\u00ednea de este Curso:\u00a0<\/strong><br \/>\n<div class=\"wpforms-container wpforms-container-full wpforms-render-modern\" id=\"wpforms-4414\"><form id=\"wpforms-form-4414\" class=\"wpforms-validate wpforms-form wpforms-ajax-form\" data-formid=\"4414\" method=\"post\" enctype=\"multipart\/form-data\" action=\"\/en\/wp-json\/wp\/v2\/product\/3986\" data-token=\"5278c09a583205ff5348b23cfbb87b49\" data-trp-original-action=\"\/en\/wp-json\/wp\/v2\/product\/3986\"><noscript class=\"wpforms-error-noscript\">Please enable JavaScript in your browser to complete this form.<\/noscript><div class=\"wpforms-hidden\" id=\"wpforms-error-noscript\">Please enable JavaScript in your browser to complete this form.<\/div><div class=\"wpforms-field-container\"><div id=\"wpforms-4414-field_3-container\" class=\"wpforms-field wpforms-field-name\" data-field-id=\"3\"><fieldset><legend class=\"wpforms-field-label\">Nombre <span class=\"wpforms-required-label\" aria-hidden=\"true\">*<\/span><\/legend><div class=\"wpforms-field-row wpforms-field-medium\"><div class=\"wpforms-field-row-block wpforms-first wpforms-one-half\"><input type=\"text\" id=\"wpforms-4414-field_3\" class=\"wpforms-field-name-first wpforms-field-required\" name=\"wpforms[fields][3][first]\" aria-errormessage=\"wpforms-4414-field_3-error\" required><label for=\"wpforms-4414-field_3\" class=\"wpforms-field-sublabel after\">First<\/label><\/div><div class=\"wpforms-field-row-block wpforms-one-half\"><input type=\"text\" id=\"wpforms-4414-field_3-last\" class=\"wpforms-field-name-last wpforms-field-required\" name=\"wpforms[fields][3][last]\" aria-errormessage=\"wpforms-4414-field_3-last-error\" required><label for=\"wpforms-4414-field_3-last\" class=\"wpforms-field-sublabel after\">Last<\/label><\/div><\/div><\/fieldset><\/div><div id=\"wpforms-4414-field_2-container\" class=\"wpforms-field wpforms-field-email\" data-field-id=\"2\"><label class=\"wpforms-field-label\" for=\"wpforms-4414-field_2\">Correo electr\u00f3nico <span class=\"wpforms-required-label\" aria-hidden=\"true\">*<\/span><\/label><input type=\"email\" id=\"wpforms-4414-field_2\" class=\"wpforms-field-medium wpforms-field-required\" name=\"wpforms[fields][2]\" spellcheck=\"false\" aria-errormessage=\"wpforms-4414-field_2-error\" required><\/div><div id=\"wpforms-4414-field_4-container\" class=\"wpforms-field wpforms-field-phone\" data-field-id=\"4\"><label class=\"wpforms-field-label\" for=\"wpforms-4414-field_4\">Tel\u00e9fono <span class=\"wpforms-required-label\" aria-hidden=\"true\">*<\/span><\/label><input type=\"tel\" id=\"wpforms-4414-field_4\" class=\"wpforms-field-medium wpforms-field-required wpforms-smart-phone-field\" data-rule-smart-phone-field=\"true\" name=\"wpforms[fields][4]\" aria-errormessage=\"wpforms-4414-field_4-error\" required><\/div><div id=\"wpforms-4414-field_5-container\" class=\"wpforms-field wpforms-field-phone\" data-field-id=\"5\"><label class=\"wpforms-field-label\" for=\"wpforms-4414-field_5\">N\u00famero de WhatsApp<\/label><input type=\"tel\" id=\"wpforms-4414-field_5\" class=\"wpforms-field-medium wpforms-smart-phone-field\" data-rule-smart-phone-field=\"true\" name=\"wpforms[fields][5]\" aria-errormessage=\"wpforms-4414-field_5-error\" ><\/div><div id=\"wpforms-4414-field_6-container\" class=\"wpforms-field wpforms-field-payment-single\" data-field-id=\"6\"><label class=\"wpforms-field-label\" for=\"wpforms-4414-field_6\">Paga este Curso con Tarjeta D\u00e9bito o Cr\u00e9dito con PayPal: <span class=\"wpforms-required-label\" aria-hidden=\"true\">*<\/span><\/label><div class=\"wpforms-single-item-price\">Price: <span class=\"wpforms-price\">&#036; 60.00<\/span><\/div><input type=\"hidden\" id=\"wpforms-4414-field_6\" class=\"wpforms-field-medium wpforms-field-required wpforms-payment-price\" data-rule-required-positive-number=\"1\" name=\"wpforms[fields][6]\" value=\"&#036; 60.00\" aria-errormessage=\"wpforms-4414-field_6-error\" aria-describedby=\"wpforms-4414-field_6-description\"><div id=\"wpforms-4414-field_6-description\" class=\"wpforms-field-description\">(Costo en d\u00f3lares americanos por mes de este curso)<\/div><\/div><\/div><!-- .wpforms-field-container --><div class=\"wpforms-submit-container\" ><input type=\"hidden\" name=\"wpforms[id]\" value=\"4414\"><input type=\"hidden\" name=\"wpforms[author]\" value=\"1\"><button type=\"submit\" name=\"wpforms[submit]\" id=\"wpforms-submit-4414\" class=\"wpforms-submit\" data-alt-text=\"Enviando...\" data-submit-text=\"Enviar\" aria-live=\"assertive\" value=\"wpforms-submit\">Enviar<\/button><img src=\"https:\/\/communicationacademycr.com\/wp-content\/plugins\/wpforms\/assets\/images\/submit-spin.svg\" class=\"wpforms-submit-spinner\" style=\"display: none;\" width=\"26\" height=\"26\" alt=\"Loading\"><\/div><input type=\"hidden\" name=\"trp-form-language\" value=\"en\"\/><\/form><\/div>  <!-- .wpforms-container --><\/h5>","protected":false},"excerpt":{"rendered":"<ul>\n<li>Ofrecemos modalidad In House (dentro de las instalaciones de la empresa) y modalidad virtual.<\/li>\n<li>Programa personalizado, seg\u00fan las necesidades laborales de los colaboradores.<\/li>\n<li>Trabajamos con las diferentes \u00e1reas y departamentos de la empresa.<\/li>\n<li>Doble certificaci\u00f3n al finalizar cada nivel, seg\u00fan los est\u00e1ndares del Marco Com\u00fan Europeo para lenguas.<\/li>\n<li>Aplicamos prueba de ubicaci\u00f3n y trabajamos con grupos de colaboradores seg\u00fan su niveles de ingl\u00e9s.<\/li>\n<li>Horarios flexibles seg\u00fan disponibilidad de la empresa.<\/li>\n<li>Firmamos contrato y brindamos factura electr\u00f3nica.<\/li>\n<\/ul>","protected":false},"featured_media":3955,"comment_status":"open","ping_status":"closed","template":"","meta":{"_mi_skip_tracking":false,"_monsterinsights_sitenote_active":false,"_monsterinsights_sitenote_note":"","_monsterinsights_sitenote_category":0},"product_cat":[86],"product_tag":[94,93],"acf":[],"aioseo_notices":[],"blog_post_layout_featured_media_urls":{"thumbnail":["https:\/\/communicationacademycr.com\/wp-content\/uploads\/2023\/12\/EMPRESAS-150x150.jpg",150,150,true],"full":["https:\/\/communicationacademycr.com\/wp-content\/uploads\/2023\/12\/EMPRESAS.jpg",612,408,false]},"categories":["2"],"categories_names":{"2":{"name":"simple","link":"https:\/\/communicationacademycr.com\/en\/?taxonomy=product_type&term=simple"}},"comments_number":0,"_links":{"self":[{"href":"https:\/\/communicationacademycr.com\/en\/wp-json\/wp\/v2\/product\/3986"}],"collection":[{"href":"https:\/\/communicationacademycr.com\/en\/wp-json\/wp\/v2\/product"}],"about":[{"href":"https:\/\/communicationacademycr.com\/en\/wp-json\/wp\/v2\/types\/product"}],"replies":[{"embeddable":true,"href":"https:\/\/communicationacademycr.com\/en\/wp-json\/wp\/v2\/comments?post=3986"}],"wp:featuredmedia":[{"embeddable":true,"href":"https:\/\/communicationacademycr.com\/en\/wp-json\/wp\/v2\/media\/3955"}],"wp:attachment":[{"href":"https:\/\/communicationacademycr.com\/en\/wp-json\/wp\/v2\/media?parent=3986"}],"wp:term":[{"taxonomy":"product_cat","embeddable":true,"href":"https:\/\/communicationacademycr.com\/en\/wp-json\/wp\/v2\/product_cat?post=3986"},{"taxonomy":"product_tag","embeddable":true,"href":"https:\/\/communicationacademycr.com\/en\/wp-json\/wp\/v2\/product_tag?post=3986"}],"curies":[{"name":"wp","href":"https:\/\/api.w.org\/{rel}","templated":true}]}}