{"id":4464,"date":"2024-01-06T03:59:15","date_gmt":"2024-01-06T09:59:15","guid":{"rendered":"https:\/\/communicationacademycr.com\/?page_id=4464"},"modified":"2024-01-06T04:23:22","modified_gmt":"2024-01-06T10:23:22","slug":"blog","status":"publish","type":"page","link":"https:\/\/communicationacademycr.com\/en\/blog\/","title":{"rendered":"Blog"},"content":{"rendered":"<div data-elementor-type=\"wp-page\" data-elementor-id=\"4464\" class=\"elementor elementor-4464\" data-elementor-post-type=\"page\">\n\t\t\t\t\t\t\t\t\t<section class=\"elementor-section elementor-top-section elementor-element elementor-element-4cd87de elementor-section-boxed elementor-section-height-default elementor-section-height-default\" data-id=\"4cd87de\" data-element_type=\"section\">\n\t\t\t\t\t\t<div class=\"elementor-container elementor-column-gap-default\">\n\t\t\t\t\t<div class=\"elementor-column elementor-col-100 elementor-top-column elementor-element elementor-element-ee8a203\" data-id=\"ee8a203\" data-element_type=\"column\">\n\t\t\t<div class=\"elementor-widget-wrap elementor-element-populated\">\n\t\t\t\t\t\t\t\t<div class=\"elementor-element elementor-element-916f238 elementor-widget elementor-widget-spacer\" data-id=\"916f238\" data-element_type=\"widget\" data-widget_type=\"spacer.default\">\n\t\t\t\t<div class=\"elementor-widget-container\">\n\t\t\t<style>\/*! elementor - v3.14.0 - 26-06-2023 *\/\n.elementor-column .elementor-spacer-inner{height:var(--spacer-size)}.e-con{--container-widget-width:100%}.e-con-inner>.elementor-widget-spacer,.e-con>.elementor-widget-spacer{width:var(--container-widget-width,var(--spacer-size));--align-self:var(--container-widget-align-self,initial);--flex-shrink:0}.e-con-inner>.elementor-widget-spacer>.elementor-widget-container,.e-con-inner>.elementor-widget-spacer>.elementor-widget-container>.elementor-spacer,.e-con>.elementor-widget-spacer>.elementor-widget-container,.e-con>.elementor-widget-spacer>.elementor-widget-container>.elementor-spacer{height:100%}.e-con-inner>.elementor-widget-spacer>.elementor-widget-container>.elementor-spacer>.elementor-spacer-inner,.e-con>.elementor-widget-spacer>.elementor-widget-container>.elementor-spacer>.elementor-spacer-inner{height:var(--container-widget-height,var(--spacer-size))}<\/style>\t\t<div class=\"elementor-spacer\">\n\t\t\t<div class=\"elementor-spacer-inner\"><\/div>\n\t\t<\/div>\n\t\t\t\t<\/div>\n\t\t\t\t<\/div>\n\t\t\t\t\t<\/div>\n\t\t<\/div>\n\t\t\t\t\t\t\t<\/div>\n\t\t<\/section>\n\t\t\t\t<section class=\"elementor-section elementor-top-section elementor-element elementor-element-80c123b elementor-section-full_width elementor-section-height-default elementor-section-height-default\" data-id=\"80c123b\" data-element_type=\"section\">\n\t\t\t\t\t\t<div class=\"elementor-container elementor-column-gap-no\">\n\t\t\t\t\t<div class=\"elementor-column elementor-col-100 elementor-top-column elementor-element elementor-element-b3f8548\" data-id=\"b3f8548\" data-element_type=\"column\">\n\t\t\t<div class=\"elementor-widget-wrap elementor-element-populated\">\n\t\t\t\t\t\t\t\t<div class=\"elementor-element elementor-element-e775b30 elementor-widget elementor-widget-heading\" data-id=\"e775b30\" data-element_type=\"widget\" data-widget_type=\"heading.default\">\n\t\t\t\t<div class=\"elementor-widget-container\">\n\t\t\t<style>\/*! elementor - v3.14.0 - 26-06-2023 *\/\n.elementor-heading-title{padding:0;margin:0;line-height:1}.elementor-widget-heading .elementor-heading-title[class*=elementor-size-]>a{color:inherit;font-size:inherit;line-height:inherit}.elementor-widget-heading .elementor-heading-title.elementor-size-small{font-size:15px}.elementor-widget-heading .elementor-heading-title.elementor-size-medium{font-size:19px}.elementor-widget-heading .elementor-heading-title.elementor-size-large{font-size:29px}.elementor-widget-heading .elementor-heading-title.elementor-size-xl{font-size:39px}.elementor-widget-heading .elementor-heading-title.elementor-size-xxl{font-size:59px}<\/style><h2 class=\"elementor-heading-title elementor-size-default\">Blog<\/h2>\t\t<\/div>\n\t\t\t\t<\/div>\n\t\t\t\t\t<\/div>\n\t\t<\/div>\n\t\t\t\t\t\t\t<\/div>\n\t\t<\/section>\n\t\t\t\t<section class=\"elementor-section elementor-top-section elementor-element elementor-element-9186bd6 elementor-section-boxed elementor-section-height-default elementor-section-height-default\" data-id=\"9186bd6\" data-element_type=\"section\">\n\t\t\t\t\t\t<div class=\"elementor-container elementor-column-gap-default\">\n\t\t\t\t\t<div class=\"elementor-column elementor-col-100 elementor-top-column elementor-element elementor-element-9a76da2\" data-id=\"9a76da2\" data-element_type=\"column\">\n\t\t\t<div class=\"elementor-widget-wrap elementor-element-populated\">\n\t\t\t\t\t\t\t\t<div class=\"elementor-element elementor-element-8010363 elementor-widget elementor-widget-eael-post-timeline\" data-id=\"8010363\" data-element_type=\"widget\" data-widget_type=\"eael-post-timeline.default\">\n\t\t\t\t<div class=\"elementor-widget-container\">\n\t\t\t<div id=\"eael-post-timeline-8010363\" class=\"eael-post-timeline timeline-layout-default eael-post-timeline-arrow-\">\n            <div class=\"eael-post-timeline eael-post-appender eael-post-appender-8010363\"><article class=\"eael-timeline-post eael-timeline-column\">\n    <div class=\"eael-timeline-bullet\"><\/div>\n    <div class=\"eael-timeline-post-inner\">\n        <a class=\"eael-timeline-post-link\" href=\"https:\/\/communicationacademycr.com\/en\/desvelando-la-puerta-global-la-importancia-de-estudiar-ingles\/\" title=\"Desvelando La Puerta Global: La Importancia De Estudiar Ingl\u00e9s\">\n            <time datetime=\"\"><\/time>\n            <div class=\"eael-timeline-post-image attachment-full size-full\" style=\"background-image: url(https:\/\/communicationacademycr.com\/wp-content\/uploads\/2024\/02\/english.jpg);\"><\/div><div class=\"eael-timeline-post-excerpt\"><p>En un mundo cada vez m\u00e1s conectado, donde las fronteras...<\/p><\/div><div class=\"eael-timeline-post-title\">\n                    <h2 class=\"eael-timeline-post-title-text\">Desvelando La Puerta Global: La Importancia De Estudiar Ingl\u00e9s<\/h2>\n                <\/div><\/a>\n    <\/div>\n<\/article><article class=\"eael-timeline-post eael-timeline-column\">\n    <div class=\"eael-timeline-bullet\"><\/div>\n    <div class=\"eael-timeline-post-inner\">\n        <a class=\"eael-timeline-post-link\" href=\"https:\/\/communicationacademycr.com\/en\/la-importancia-de-estudiar-ingles\/\" title=\"Importancia De Estudiar Ingl\u00e9s\">\n            <time datetime=\"\"><\/time>\n            <div class=\"eael-timeline-post-image attachment-full size-full\" style=\"background-image: url(https:\/\/communicationacademycr.com\/wp-content\/uploads\/2023\/10\/HABLAINGLES2.jpg);\"><\/div><div class=\"eael-timeline-post-excerpt\"><p>\u00bfSab\u00edas que el ingl\u00e9s es uno de los idiomas m\u00e1s...<\/p><\/div><div class=\"eael-timeline-post-title\">\n                    <h2 class=\"eael-timeline-post-title-text\">Importancia De Estudiar Ingl\u00e9s<\/h2>\n                <\/div><\/a>\n    <\/div>\n<\/article><article class=\"eael-timeline-post eael-timeline-column\">\n    <div class=\"eael-timeline-bullet\"><\/div>\n    <div class=\"eael-timeline-post-inner\">\n        <a class=\"eael-timeline-post-link\" href=\"https:\/\/communicationacademycr.com\/en\/domina-el-ingles-conversacional\/\" title=\"\ud83d\udde8\ufe0f\ud83d\udcac \u00a1Domina El Ingl\u00e9s Conversacional! \ud83d\udcac\ud83d\udde8\ufe0f\">\n            <time datetime=\"\"><\/time>\n            <div class=\"eael-timeline-post-image attachment-full size-full\" style=\"background-image: url(https:\/\/communicationacademycr.com\/wp-content\/uploads\/2023\/10\/doyouspeakenglish.jpg);\"><\/div><div class=\"eael-timeline-post-excerpt\"><p>\u00bfEst\u00e1s listo para llevar tu ingl\u00e9s al siguiente nivel? \u00a1El...<\/p><\/div><div class=\"eael-timeline-post-title\">\n                    <h2 class=\"eael-timeline-post-title-text\">\ud83d\udde8\ufe0f\ud83d\udcac \u00a1Domina El Ingl\u00e9s Conversacional! \ud83d\udcac\ud83d\udde8\ufe0f<\/h2>\n                <\/div><\/a>\n    <\/div>\n<\/article><\/div>\n\t\t<\/div>\t\t<\/div>\n\t\t\t\t<\/div>\n\t\t\t\t\t<\/div>\n\t\t<\/div>\n\t\t\t\t\t\t\t<\/div>\n\t\t<\/section>\n\t\t\t\t\t\t\t<\/div>","protected":false},"excerpt":{"rendered":"<p>Blog 18 de octubre de 2023 \u00bfSab\u00edas que el ingl\u00e9s es uno de los idiomas m\u00e1s&#8230; Importancia De Estudiar Ingl\u00e9s 18 de octubre de 2023 \u00bfEst\u00e1s listo para llevar tu ingl\u00e9s al siguiente nivel? \u00a1El&#8230; \ud83d\udde8\ufe0f\ud83d\udcac \u00a1Domina El Ingl\u00e9s Conversacional! \ud83d\udcac\ud83d\udde8\ufe0f<\/p>","protected":false},"author":1,"featured_media":0,"parent":0,"menu_order":0,"comment_status":"closed","ping_status":"closed","template":"elementor_header_footer","meta":{"_mi_skip_tracking":false,"_monsterinsights_sitenote_active":false,"_monsterinsights_sitenote_note":"","_monsterinsights_sitenote_category":0,"footnotes":""},"categories":[69],"tags":[123],"acf":[],"aioseo_notices":[],"blog_post_layout_featured_media_urls":{"thumbnail":"","full":""},"categories_names":null,"comments_number":0,"_links":{"self":[{"href":"https:\/\/communicationacademycr.com\/en\/wp-json\/wp\/v2\/pages\/4464"}],"collection":[{"href":"https:\/\/communicationacademycr.com\/en\/wp-json\/wp\/v2\/pages"}],"about":[{"href":"https:\/\/communicationacademycr.com\/en\/wp-json\/wp\/v2\/types\/page"}],"author":[{"embeddable":true,"href":"https:\/\/communicationacademycr.com\/en\/wp-json\/wp\/v2\/users\/1"}],"replies":[{"embeddable":true,"href":"https:\/\/communicationacademycr.com\/en\/wp-json\/wp\/v2\/comments?post=4464"}],"version-history":[{"count":25,"href":"https:\/\/communicationacademycr.com\/en\/wp-json\/wp\/v2\/pages\/4464\/revisions"}],"predecessor-version":[{"id":4493,"href":"https:\/\/communicationacademycr.com\/en\/wp-json\/wp\/v2\/pages\/4464\/revisions\/4493"}],"wp:attachment":[{"href":"https:\/\/communicationacademycr.com\/en\/wp-json\/wp\/v2\/media?parent=4464"}],"wp:term":[{"taxonomy":"category","embeddable":true,"href":"https:\/\/communicationacademycr.com\/en\/wp-json\/wp\/v2\/categories?post=4464"},{"taxonomy":"post_tag","embeddable":true,"href":"https:\/\/communicationacademycr.com\/en\/wp-json\/wp\/v2\/tags?post=4464"}],"curies":[{"name":"wp","href":"https:\/\/api.w.org\/{rel}","templated":true}]}}