{"id":2302,"date":"2023-10-18T16:12:23","date_gmt":"2023-10-18T22:12:23","guid":{"rendered":"https:\/\/mcserviciosjuridicos.com\/?page_id=2302"},"modified":"2023-12-30T04:29:22","modified_gmt":"2023-12-30T10:29:22","slug":"contactenos","status":"publish","type":"page","link":"https:\/\/communicationacademycr.com\/en\/contactenos\/","title":{"rendered":"Cont\u00e1ctenos"},"content":{"rendered":"<div data-elementor-type=\"wp-page\" data-elementor-id=\"2302\" class=\"elementor elementor-2302\" data-elementor-post-type=\"page\">\n\t\t\t\t\t\t\t\t\t<section class=\"elementor-section elementor-top-section elementor-element elementor-element-80c123b elementor-section-full_width elementor-section-height-default elementor-section-height-default\" data-id=\"80c123b\" data-element_type=\"section\">\n\t\t\t\t\t\t<div class=\"elementor-container elementor-column-gap-no\">\n\t\t\t\t\t<div class=\"elementor-column elementor-col-100 elementor-top-column elementor-element elementor-element-b3f8548\" data-id=\"b3f8548\" data-element_type=\"column\">\n\t\t\t<div class=\"elementor-widget-wrap\">\n\t\t\t\t\t\t\t\t\t<\/div>\n\t\t<\/div>\n\t\t\t\t\t\t\t<\/div>\n\t\t<\/section>\n\t\t\t\t<section class=\"elementor-section elementor-top-section elementor-element elementor-element-57e3d4d elementor-section-boxed elementor-section-height-default elementor-section-height-default\" data-id=\"57e3d4d\" data-element_type=\"section\">\n\t\t\t\t\t\t<div class=\"elementor-container elementor-column-gap-default\">\n\t\t\t\t\t<div class=\"elementor-column elementor-col-100 elementor-top-column elementor-element elementor-element-bdf74e0\" data-id=\"bdf74e0\" data-element_type=\"column\">\n\t\t\t<div class=\"elementor-widget-wrap elementor-element-populated\">\n\t\t\t\t\t\t\t\t<div class=\"elementor-element elementor-element-8946e52 elementor-widget elementor-widget-spacer\" data-id=\"8946e52\" data-element_type=\"widget\" data-widget_type=\"spacer.default\">\n\t\t\t\t<div class=\"elementor-widget-container\">\n\t\t\t<style>\/*! elementor - v3.14.0 - 26-06-2023 *\/\n.elementor-column .elementor-spacer-inner{height:var(--spacer-size)}.e-con{--container-widget-width:100%}.e-con-inner>.elementor-widget-spacer,.e-con>.elementor-widget-spacer{width:var(--container-widget-width,var(--spacer-size));--align-self:var(--container-widget-align-self,initial);--flex-shrink:0}.e-con-inner>.elementor-widget-spacer>.elementor-widget-container,.e-con-inner>.elementor-widget-spacer>.elementor-widget-container>.elementor-spacer,.e-con>.elementor-widget-spacer>.elementor-widget-container,.e-con>.elementor-widget-spacer>.elementor-widget-container>.elementor-spacer{height:100%}.e-con-inner>.elementor-widget-spacer>.elementor-widget-container>.elementor-spacer>.elementor-spacer-inner,.e-con>.elementor-widget-spacer>.elementor-widget-container>.elementor-spacer>.elementor-spacer-inner{height:var(--container-widget-height,var(--spacer-size))}<\/style>\t\t<div class=\"elementor-spacer\">\n\t\t\t<div class=\"elementor-spacer-inner\"><\/div>\n\t\t<\/div>\n\t\t\t\t<\/div>\n\t\t\t\t<\/div>\n\t\t\t\t\t<\/div>\n\t\t<\/div>\n\t\t\t\t\t\t\t<\/div>\n\t\t<\/section>\n\t\t\t\t<section class=\"elementor-section elementor-top-section elementor-element elementor-element-fd9e1d4 elementor-section-boxed elementor-section-height-default elementor-section-height-default\" data-id=\"fd9e1d4\" data-element_type=\"section\">\n\t\t\t\t\t\t<div class=\"elementor-container elementor-column-gap-default\">\n\t\t\t\t\t<div class=\"elementor-column elementor-col-100 elementor-top-column elementor-element elementor-element-43b2c1e\" data-id=\"43b2c1e\" data-element_type=\"column\">\n\t\t\t<div class=\"elementor-widget-wrap elementor-element-populated\">\n\t\t\t\t\t\t\t\t<div class=\"elementor-element elementor-element-4c2de49 animated-slow elementor-invisible elementor-widget elementor-widget-heading\" data-id=\"4c2de49\" data-element_type=\"widget\" data-settings=\"{&quot;_animation&quot;:&quot;rotateIn&quot;}\" data-widget_type=\"heading.default\">\n\t\t\t\t<div class=\"elementor-widget-container\">\n\t\t\t<style>\/*! elementor - v3.14.0 - 26-06-2023 *\/\n.elementor-heading-title{padding:0;margin:0;line-height:1}.elementor-widget-heading .elementor-heading-title[class*=elementor-size-]>a{color:inherit;font-size:inherit;line-height:inherit}.elementor-widget-heading .elementor-heading-title.elementor-size-small{font-size:15px}.elementor-widget-heading .elementor-heading-title.elementor-size-medium{font-size:19px}.elementor-widget-heading .elementor-heading-title.elementor-size-large{font-size:29px}.elementor-widget-heading .elementor-heading-title.elementor-size-xl{font-size:39px}.elementor-widget-heading .elementor-heading-title.elementor-size-xxl{font-size:59px}<\/style><h2 class=\"elementor-heading-title elementor-size-default\">\u00a1Cont\u00e1ctenos!<\/h2>\t\t<\/div>\n\t\t\t\t<\/div>\n\t\t\t\t\t<\/div>\n\t\t<\/div>\n\t\t\t\t\t\t\t<\/div>\n\t\t<\/section>\n\t\t\t\t<section class=\"elementor-section elementor-top-section elementor-element elementor-element-1572d62 elementor-section-boxed elementor-section-height-default elementor-section-height-default\" data-id=\"1572d62\" data-element_type=\"section\">\n\t\t\t\t\t\t<div class=\"elementor-container elementor-column-gap-default\">\n\t\t\t\t\t<div class=\"elementor-column elementor-col-50 elementor-top-column elementor-element elementor-element-d1508f7\" data-id=\"d1508f7\" data-element_type=\"column\">\n\t\t\t<div class=\"elementor-widget-wrap elementor-element-populated\">\n\t\t\t\t\t\t\t\t<div class=\"elementor-element elementor-element-c9609be elementor-invisible elementor-widget elementor-widget-text-editor\" data-id=\"c9609be\" data-element_type=\"widget\" data-settings=\"{&quot;_animation&quot;:&quot;slideInLeft&quot;}\" data-widget_type=\"text-editor.default\">\n\t\t\t\t<div class=\"elementor-widget-container\">\n\t\t\t<style>\/*! elementor - v3.14.0 - 26-06-2023 *\/\n.elementor-widget-text-editor.elementor-drop-cap-view-stacked .elementor-drop-cap{background-color:#69727d;color:#fff}.elementor-widget-text-editor.elementor-drop-cap-view-framed .elementor-drop-cap{color:#69727d;border:3px solid;background-color:transparent}.elementor-widget-text-editor:not(.elementor-drop-cap-view-default) .elementor-drop-cap{margin-top:8px}.elementor-widget-text-editor:not(.elementor-drop-cap-view-default) .elementor-drop-cap-letter{width:1em;height:1em}.elementor-widget-text-editor .elementor-drop-cap{float:left;text-align:center;line-height:1;font-size:50px}.elementor-widget-text-editor .elementor-drop-cap-letter{display:inline-block}<\/style>\t\t\t\t<p>\u00a1Gracias por tu inter\u00e9s en Communication Academy CR!<\/p>\n<p>Estamos encantados de poder brindarte m\u00e1s informaci\u00f3n sobre nuestros cursos de idiomas, programas especializados y servicios educativos que ofrecemos en nuestra academia. Si tienes alguna pregunta, comentario o necesitas asistencia adicional, no dudes en ponerte en contacto con nosotros.<\/p>\n<p><span style=\"background-color: var(--bs-body-bg); color: var(--tg-paragraph-color); font-family: var( --e-global-typography-text-font-family ), Sans-serif; font-size: var(--tg-body-font-size); font-weight: var(--tg-body-font-weight);\">\u00a1Esperamos con ansias poder comunicarnos contigo y acompa\u00f1arte en tu viaje hacia el dominio del idioma!<\/span><br><\/p>\n<p>\u00a1Gracias por elegir Communication Academy CR!<\/p>\n<p>Atentamente,<\/p>\n<p>El equipo de Communication Academy CR<br>www.communicationacademycr.com<\/p>\n<p><\/p>\t\t\t\t\t\t<\/div>\n\t\t\t\t<\/div>\n\t\t\t\t\t<\/div>\n\t\t<\/div>\n\t\t\t\t<div class=\"elementor-column elementor-col-50 elementor-top-column elementor-element elementor-element-06a0b06\" data-id=\"06a0b06\" data-element_type=\"column\">\n\t\t\t<div class=\"elementor-widget-wrap elementor-element-populated\">\n\t\t\t\t\t\t\t\t<div class=\"elementor-element elementor-element-8bb4f11 elementor-invisible elementor-widget elementor-widget-image\" data-id=\"8bb4f11\" data-element_type=\"widget\" data-settings=\"{&quot;_animation&quot;:&quot;slideInRight&quot;}\" data-widget_type=\"image.default\">\n\t\t\t\t<div class=\"elementor-widget-container\">\n\t\t\t<style>\/*! elementor - v3.14.0 - 26-06-2023 *\/\n.elementor-widget-image{text-align:center}.elementor-widget-image a{display:inline-block}.elementor-widget-image a img[src$=\".svg\"]{width:48px}.elementor-widget-image img{vertical-align:middle;display:inline-block}<\/style>\t\t\t\t\t\t\t\t\t\t\t\t<img decoding=\"async\" loading=\"lazy\" width=\"350\" height=\"350\" src=\"https:\/\/communicationacademycr.com\/wp-content\/uploads\/2023\/12\/LOGOCOMMUNICATIONACADEMY.jpg\" class=\"attachment-large size-large wp-image-3727\" alt=\"\" srcset=\"https:\/\/communicationacademycr.com\/wp-content\/uploads\/2023\/12\/LOGOCOMMUNICATIONACADEMY.jpg 350w, https:\/\/communicationacademycr.com\/wp-content\/uploads\/2023\/12\/LOGOCOMMUNICATIONACADEMY-300x300.jpg 300w, https:\/\/communicationacademycr.com\/wp-content\/uploads\/2023\/12\/LOGOCOMMUNICATIONACADEMY-150x150.jpg 150w, https:\/\/communicationacademycr.com\/wp-content\/uploads\/2023\/12\/LOGOCOMMUNICATIONACADEMY-12x12.jpg 12w\" sizes=\"(max-width: 350px) 100vw, 350px\" \/>\t\t\t\t\t\t\t\t\t\t\t\t\t\t\t<\/div>\n\t\t\t\t<\/div>\n\t\t\t\t\t<\/div>\n\t\t<\/div>\n\t\t\t\t\t\t\t<\/div>\n\t\t<\/section>\n\t\t\t\t<section class=\"elementor-section elementor-top-section elementor-element elementor-element-dd1b99c elementor-section-boxed elementor-section-height-default elementor-section-height-default\" data-id=\"dd1b99c\" data-element_type=\"section\">\n\t\t\t\t\t\t<div class=\"elementor-container elementor-column-gap-default\">\n\t\t\t\t\t<div class=\"elementor-column elementor-col-100 elementor-top-column elementor-element elementor-element-6283e22\" data-id=\"6283e22\" data-element_type=\"column\">\n\t\t\t<div class=\"elementor-widget-wrap elementor-element-populated\">\n\t\t\t\t\t\t\t\t<div class=\"elementor-element elementor-element-0da0eab animated-slow elementor-invisible elementor-widget elementor-widget-heading\" data-id=\"0da0eab\" data-element_type=\"widget\" data-settings=\"{&quot;_animation&quot;:&quot;rotateIn&quot;}\" data-widget_type=\"heading.default\">\n\t\t\t\t<div class=\"elementor-widget-container\">\n\t\t\t<h2 class=\"elementor-heading-title elementor-size-default\">Medios de Contacto:<\/h2>\t\t<\/div>\n\t\t\t\t<\/div>\n\t\t\t\t\t<\/div>\n\t\t<\/div>\n\t\t\t\t\t\t\t<\/div>\n\t\t<\/section>\n\t\t\t\t<section class=\"elementor-section elementor-top-section elementor-element elementor-element-faa4289 elementor-section-boxed elementor-section-height-default elementor-section-height-default\" data-id=\"faa4289\" data-element_type=\"section\">\n\t\t\t\t\t\t<div class=\"elementor-container elementor-column-gap-default\">\n\t\t\t\t\t<div class=\"elementor-column elementor-col-100 elementor-top-column elementor-element elementor-element-7915ac0\" data-id=\"7915ac0\" data-element_type=\"column\">\n\t\t\t<div class=\"elementor-widget-wrap elementor-element-populated\">\n\t\t\t\t\t\t\t\t<div class=\"elementor-element elementor-element-97cbaa2 elementor-widget elementor-widget-spacer\" data-id=\"97cbaa2\" data-element_type=\"widget\" data-widget_type=\"spacer.default\">\n\t\t\t\t<div class=\"elementor-widget-container\">\n\t\t\t\t\t<div class=\"elementor-spacer\">\n\t\t\t<div class=\"elementor-spacer-inner\"><\/div>\n\t\t<\/div>\n\t\t\t\t<\/div>\n\t\t\t\t<\/div>\n\t\t\t\t\t<\/div>\n\t\t<\/div>\n\t\t\t\t\t\t\t<\/div>\n\t\t<\/section>\n\t\t\t\t<section class=\"elementor-section elementor-top-section elementor-element elementor-element-57ab51b elementor-section-boxed elementor-section-height-default elementor-section-height-default\" data-id=\"57ab51b\" data-element_type=\"section\">\n\t\t\t\t\t\t<div class=\"elementor-container elementor-column-gap-default\">\n\t\t\t\t\t<div class=\"elementor-column elementor-col-100 elementor-top-column elementor-element elementor-element-55d9549\" data-id=\"55d9549\" data-element_type=\"column\">\n\t\t\t<div class=\"elementor-widget-wrap elementor-element-populated\">\n\t\t\t\t\t\t\t\t<div class=\"elementor-element elementor-element-e5db878 elementor-invisible elementor-widget elementor-widget-html\" data-id=\"e5db878\" data-element_type=\"widget\" data-settings=\"{&quot;_animation&quot;:&quot;rubberBand&quot;}\" data-widget_type=\"html.default\">\n\t\t\t\t<div class=\"elementor-widget-container\">\n\t\t\t\n            <div \n                class=\"elfsight-widget-social-icons elfsight-widget\" \n                data-elfsight-social-icons-options=\"%7B%22items%22%3A%5B%7B%22url%22%3A%22https%3A%5C%2F%5C%2Fwa.me%5C%2F%2B50664350098%22%2C%22type%22%3A%22whatsapp%22%2C%22iconUrl%22%3A%22%22%7D%2C%7B%22url%22%3A%22tel%3A64350098%22%2C%22type%22%3A%22phone%22%2C%22iconUrl%22%3A%22%22%7D%2C%7B%22type%22%3A%22facebook%22%2C%22url%22%3A%22https%3A%5C%2F%5C%2Fwww.facebook.com%5C%2Fcommunicationacademy34%22%2C%22iconUrl%22%3A%22%22%7D%2C%7B%22type%22%3A%22instagram%22%2C%22url%22%3A%22https%3A%5C%2F%5C%2Fwww.instagram.com%5C%2Fcommunicationacademy34%5C%2F%22%2C%22iconUrl%22%3A%22%22%7D%5D%2C%22size%22%3A%2260%22%2C%22location%22%3A%22inline%22%2C%22position%22%3A%22center%22%2C%22style%22%3A%22default%22%2C%22iconColor%22%3A%22white%22%2C%22bgColor%22%3A%22native%22%2C%22iconColorOnHover%22%3A%22white%22%2C%22bgColorOnHover%22%3A%22native%22%2C%22borderRadius%22%3A%22circle%22%2C%22animation%22%3A%22zoom%22%2C%22transparency%22%3A100%2C%22transparencyOnHover%22%3A100%2C%22widgetId%22%3A%225%22%7D\" \n                data-elfsight-social-icons-version=\"1.7.1\"\n                data-elfsight-widget-id=\"elfsight-social-icons-5\">\n            <\/div>\n            \t\t<\/div>\n\t\t\t\t<\/div>\n\t\t\t\t\t<\/div>\n\t\t<\/div>\n\t\t\t\t\t\t\t<\/div>\n\t\t<\/section>\n\t\t\t\t<section class=\"elementor-section elementor-top-section elementor-element elementor-element-f7c66c8 elementor-section-boxed elementor-section-height-default elementor-section-height-default\" data-id=\"f7c66c8\" data-element_type=\"section\">\n\t\t\t\t\t\t<div class=\"elementor-container elementor-column-gap-default\">\n\t\t\t\t\t<div class=\"elementor-column elementor-col-100 elementor-top-column elementor-element elementor-element-0ddb279\" data-id=\"0ddb279\" data-element_type=\"column\">\n\t\t\t<div class=\"elementor-widget-wrap elementor-element-populated\">\n\t\t\t\t\t\t\t\t<div class=\"elementor-element elementor-element-f06bad3 elementor-widget elementor-widget-spacer\" data-id=\"f06bad3\" data-element_type=\"widget\" data-widget_type=\"spacer.default\">\n\t\t\t\t<div class=\"elementor-widget-container\">\n\t\t\t\t\t<div class=\"elementor-spacer\">\n\t\t\t<div class=\"elementor-spacer-inner\"><\/div>\n\t\t<\/div>\n\t\t\t\t<\/div>\n\t\t\t\t<\/div>\n\t\t\t\t\t<\/div>\n\t\t<\/div>\n\t\t\t\t\t\t\t<\/div>\n\t\t<\/section>\n\t\t\t\t<section class=\"elementor-section elementor-top-section elementor-element elementor-element-65ff0ae elementor-section-boxed elementor-section-height-default elementor-section-height-default\" data-id=\"65ff0ae\" data-element_type=\"section\">\n\t\t\t\t\t\t<div class=\"elementor-container elementor-column-gap-default\">\n\t\t\t\t\t<div class=\"elementor-column elementor-col-100 elementor-top-column elementor-element elementor-element-70293cc\" data-id=\"70293cc\" data-element_type=\"column\">\n\t\t\t<div class=\"elementor-widget-wrap elementor-element-populated\">\n\t\t\t\t\t\t\t\t<div class=\"elementor-element elementor-element-2fdadaa animated-slow elementor-invisible elementor-widget elementor-widget-heading\" data-id=\"2fdadaa\" data-element_type=\"widget\" data-settings=\"{&quot;_animation&quot;:&quot;rotateIn&quot;}\" data-widget_type=\"heading.default\">\n\t\t\t\t<div class=\"elementor-widget-container\">\n\t\t\t<h2 class=\"elementor-heading-title elementor-size-default\">Nuestra Ubicaci\u00f3n en: <\/h2>\t\t<\/div>\n\t\t\t\t<\/div>\n\t\t\t\t\t<\/div>\n\t\t<\/div>\n\t\t\t\t\t\t\t<\/div>\n\t\t<\/section>\n\t\t\t\t<section class=\"elementor-section elementor-top-section elementor-element elementor-element-66020db elementor-section-boxed elementor-section-height-default elementor-section-height-default\" data-id=\"66020db\" data-element_type=\"section\">\n\t\t\t\t\t\t<div class=\"elementor-container elementor-column-gap-default\">\n\t\t\t\t\t<div class=\"elementor-column elementor-col-50 elementor-top-column elementor-element elementor-element-ddcf1a6\" data-id=\"ddcf1a6\" data-element_type=\"column\">\n\t\t\t<div class=\"elementor-widget-wrap elementor-element-populated\">\n\t\t\t\t\t\t\t\t<div class=\"elementor-element elementor-element-cdc3f13 elementor-invisible elementor-widget elementor-widget-heading\" data-id=\"cdc3f13\" data-element_type=\"widget\" data-settings=\"{&quot;_animation&quot;:&quot;slideInLeft&quot;}\" data-widget_type=\"heading.default\">\n\t\t\t\t<div class=\"elementor-widget-container\">\n\t\t\t<h2 class=\"elementor-heading-title elementor-size-default\">Google Maps<\/h2>\t\t<\/div>\n\t\t\t\t<\/div>\n\t\t\t\t<div class=\"elementor-element elementor-element-3db89d6 elementor-invisible elementor-widget elementor-widget-google_maps\" data-id=\"3db89d6\" data-element_type=\"widget\" data-settings=\"{&quot;_animation&quot;:&quot;jello&quot;}\" data-widget_type=\"google_maps.default\">\n\t\t\t\t<div class=\"elementor-widget-container\">\n\t\t\t<style>\/*! elementor - v3.14.0 - 26-06-2023 *\/\n.elementor-widget-google_maps .elementor-widget-container{overflow:hidden}.elementor-widget-google_maps .elementor-custom-embed{line-height:0}.elementor-widget-google_maps iframe{height:300px}<\/style>\t\t<div class=\"elementor-custom-embed\">\n\t\t\t<iframe loading=\"lazy\"\n\t\t\t\t\tsrc=\"https:\/\/maps.google.com\/maps?q=https%3A%2F%2Fmaps.app.goo.gl%2FJMeXFmiiAnWfrQZh9&#038;t=m&#038;z=10&#038;output=embed&#038;iwloc=near\"\n\t\t\t\t\ttitle=\"https:\/\/maps.app.goo.gl\/JMeXFmiiAnWfrQZh9\"\n\t\t\t\t\taria-label=\"https:\/\/maps.app.goo.gl\/JMeXFmiiAnWfrQZh9\"\n\t\t\t><\/iframe>\n\t\t<\/div>\n\t\t\t\t<\/div>\n\t\t\t\t<\/div>\n\t\t\t\t\t<\/div>\n\t\t<\/div>\n\t\t\t\t<div class=\"elementor-column elementor-col-50 elementor-top-column elementor-element elementor-element-81d62fc\" data-id=\"81d62fc\" data-element_type=\"column\">\n\t\t\t<div class=\"elementor-widget-wrap elementor-element-populated\">\n\t\t\t\t\t\t\t\t<div class=\"elementor-element elementor-element-43fa6c0 elementor-invisible elementor-widget elementor-widget-heading\" data-id=\"43fa6c0\" data-element_type=\"widget\" data-settings=\"{&quot;_animation&quot;:&quot;fadeInRight&quot;}\" data-widget_type=\"heading.default\">\n\t\t\t\t<div class=\"elementor-widget-container\">\n\t\t\t<h2 class=\"elementor-heading-title elementor-size-default\">Waze<\/h2>\t\t<\/div>\n\t\t\t\t<\/div>\n\t\t\t\t\t<\/div>\n\t\t<\/div>\n\t\t\t\t\t\t\t<\/div>\n\t\t<\/section>\n\t\t\t\t<section class=\"elementor-section elementor-top-section elementor-element elementor-element-d8fcdb1 elementor-section-boxed elementor-section-height-default elementor-section-height-default\" data-id=\"d8fcdb1\" data-element_type=\"section\">\n\t\t\t\t\t\t<div class=\"elementor-container elementor-column-gap-default\">\n\t\t\t\t\t<div class=\"elementor-column elementor-col-100 elementor-top-column elementor-element elementor-element-bb34caa\" data-id=\"bb34caa\" data-element_type=\"column\">\n\t\t\t<div class=\"elementor-widget-wrap elementor-element-populated\">\n\t\t\t\t\t\t\t\t<div class=\"elementor-element elementor-element-2bac7e7 elementor-widget elementor-widget-spacer\" data-id=\"2bac7e7\" data-element_type=\"widget\" data-widget_type=\"spacer.default\">\n\t\t\t\t<div class=\"elementor-widget-container\">\n\t\t\t\t\t<div class=\"elementor-spacer\">\n\t\t\t<div class=\"elementor-spacer-inner\"><\/div>\n\t\t<\/div>\n\t\t\t\t<\/div>\n\t\t\t\t<\/div>\n\t\t\t\t\t<\/div>\n\t\t<\/div>\n\t\t\t\t\t\t\t<\/div>\n\t\t<\/section>\n\t\t\t\t\t\t\t<\/div>","protected":false},"excerpt":{"rendered":"<p>\u00a1Cont\u00e1ctenos! \u00a1Gracias por tu inter\u00e9s en Communication Academy CR! Estamos encantados de poder brindarte m\u00e1s informaci\u00f3n sobre nuestros cursos de idiomas, programas especializados y servicios educativos que ofrecemos en nuestra academia. Si tienes alguna pregunta, comentario o necesitas asistencia adicional, no dudes en ponerte en contacto con nosotros. \u00a1Esperamos con ansias poder comunicarnos contigo y [&hellip;]<\/p>","protected":false},"author":1,"featured_media":0,"parent":0,"menu_order":0,"comment_status":"closed","ping_status":"closed","template":"elementor_header_footer","meta":{"_mi_skip_tracking":false,"_monsterinsights_sitenote_active":false,"_monsterinsights_sitenote_note":"","_monsterinsights_sitenote_category":0,"footnotes":""},"categories":[],"tags":[],"acf":[],"aioseo_notices":[],"blog_post_layout_featured_media_urls":{"thumbnail":"","full":""},"categories_names":null,"comments_number":0,"_links":{"self":[{"href":"https:\/\/communicationacademycr.com\/en\/wp-json\/wp\/v2\/pages\/2302"}],"collection":[{"href":"https:\/\/communicationacademycr.com\/en\/wp-json\/wp\/v2\/pages"}],"about":[{"href":"https:\/\/communicationacademycr.com\/en\/wp-json\/wp\/v2\/types\/page"}],"author":[{"embeddable":true,"href":"https:\/\/communicationacademycr.com\/en\/wp-json\/wp\/v2\/users\/1"}],"replies":[{"embeddable":true,"href":"https:\/\/communicationacademycr.com\/en\/wp-json\/wp\/v2\/comments?post=2302"}],"version-history":[{"count":86,"href":"https:\/\/communicationacademycr.com\/en\/wp-json\/wp\/v2\/pages\/2302\/revisions"}],"predecessor-version":[{"id":4330,"href":"https:\/\/communicationacademycr.com\/en\/wp-json\/wp\/v2\/pages\/2302\/revisions\/4330"}],"wp:attachment":[{"href":"https:\/\/communicationacademycr.com\/en\/wp-json\/wp\/v2\/media?parent=2302"}],"wp:term":[{"taxonomy":"category","embeddable":true,"href":"https:\/\/communicationacademycr.com\/en\/wp-json\/wp\/v2\/categories?post=2302"},{"taxonomy":"post_tag","embeddable":true,"href":"https:\/\/communicationacademycr.com\/en\/wp-json\/wp\/v2\/tags?post=2302"}],"curies":[{"name":"wp","href":"https:\/\/api.w.org\/{rel}","templated":true}]}}